{"id":2334,"date":"2024-05-19T18:42:35","date_gmt":"2024-05-19T16:42:35","guid":{"rendered":"https:\/\/www.playlifesports.de\/impresum\/"},"modified":"2024-06-12T21:06:05","modified_gmt":"2024-06-12T19:06:05","slug":"impresum","status":"publish","type":"page","link":"https:\/\/www.playlifesports.de\/hr\/impresum\/","title":{"rendered":"Impresum"},"content":{"rendered":"<p><div class=\"fusion-fullwidth fullwidth-box fusion-builder-row-1 fusion-flex-container has-pattern-background has-mask-background nonhundred-percent-fullwidth non-hundred-percent-height-scrolling\" style=\"--awb-border-radius-top-left:0px;--awb-border-radius-top-right:0px;--awb-border-radius-bottom-right:0px;--awb-border-radius-bottom-left:0px;--awb-padding-top:10%;--awb-flex-wrap:wrap;\" ><div class=\"fusion-builder-row fusion-row fusion-flex-align-items-flex-start fusion-flex-content-wrap\" style=\"max-width:1248px;margin-left: calc(-4% \/ 2 );margin-right: calc(-4% \/ 2 );\"><div class=\"fusion-layout-column fusion_builder_column fusion-builder-column-0 fusion_builder_column_1_1 1_1 fusion-flex-column\" style=\"--awb-bg-size:cover;--awb-width-large:100%;--awb-margin-top-large:0px;--awb-spacing-right-large:1.92%;--awb-margin-bottom-large:0px;--awb-spacing-left-large:1.92%;--awb-width-medium:100%;--awb-order-medium:0;--awb-spacing-right-medium:1.92%;--awb-spacing-left-medium:1.92%;--awb-width-small:100%;--awb-order-small:0;--awb-spacing-right-small:1.92%;--awb-spacing-left-small:1.92%;\"><div class=\"fusion-column-wrapper fusion-column-has-shadow fusion-flex-justify-content-flex-start fusion-content-layout-column\"><div class=\"fusion-title title fusion-title-1 fusion-sep-none fusion-title-text fusion-title-size-one\" style=\"--awb-margin-top-small:10px;--awb-margin-right-small:0px;--awb-margin-bottom-small:10px;--awb-margin-left-small:0px;\"><h1 class=\"fusion-title-heading title-heading-left\" style=\"margin:0;\">Impresum<\/h1><\/div><\/div><\/div><\/div><\/div><div class=\"fusion-fullwidth fullwidth-box fusion-builder-row-2 fusion-flex-container nonhundred-percent-fullwidth non-hundred-percent-height-scrolling\" style=\"--awb-border-radius-top-left:0px;--awb-border-radius-top-right:0px;--awb-border-radius-bottom-right:0px;--awb-border-radius-bottom-left:0px;--awb-padding-top:3%;--awb-flex-wrap:wrap;\" ><div class=\"fusion-builder-row fusion-row fusion-flex-align-items-flex-start fusion-flex-content-wrap\" style=\"max-width:1248px;margin-left: calc(-4% \/ 2 );margin-right: calc(-4% \/ 2 );\"><div class=\"fusion-layout-column fusion_builder_column fusion-builder-column-1 fusion_builder_column_1_1 1_1 fusion-flex-column\" style=\"--awb-bg-blend:overlay;--awb-bg-size:cover;--awb-width-large:100%;--awb-margin-top-large:0px;--awb-spacing-right-large:1.92%;--awb-margin-bottom-large:0px;--awb-spacing-left-large:1.92%;--awb-width-medium:100%;--awb-spacing-right-medium:1.92%;--awb-spacing-left-medium:1.92%;--awb-width-small:100%;--awb-spacing-right-small:1.92%;--awb-spacing-left-small:1.92%;\"><div class=\"fusion-column-wrapper fusion-flex-justify-content-flex-start fusion-content-layout-column\"><div class=\"fusion-text fusion-text-1\"><p>nach \u00a7 5 Telemediengesetz (TMG):<\/p>\n<p>Die Internetplattform Playlife-Group.de wird von der Playlife Group betrieben. Gesch\u00e4ftsf\u00fchrender Gesellschafter: Sini\u0161a Omeli\u0107<br \/>\nF\u00fcr Anregungen und bei Problemen wenden Sie sich bitte an:<\/p>\n<p><strong style=\"font-style: inherit;\">Playlife Sports Nord GmbH<\/strong><br \/>\nTurmstr. 6<br \/>\n78467 Konstanz<\/p>\n<p>Telefon: +49 7531 \/ 12743 \u2013 0<br \/>\nTelefax: +49 7531 \/ 12743 \u2013 99<br \/>\nE-Mail:\u00a0<a href=\"mailto:info@playlife-sports-nord.de\">info@playlifesports.de<\/a><\/p>\n<p>Amtsgericht Charlottenburg: HRB 196962<\/p>\n<p>Umsatzsteuer\u00adID: DE 319081<br \/>\nSteuernummer: 29\/473\/31318<\/p>\n<p><strong>Tangiers Sports GmbH<\/strong><br \/>\nTurmstr. 6<br \/>\n78467 Konstanz<\/p>\n<p>Telefon: +49 7531 \/ 12743 \u2013 0<br \/>\nTelefax: +49 7531 \/ 12743 \u2013 99<br \/>\nE-Mail:\u00a0info@playlifesports.de<\/p>\n<p>Amtsgericht Freiburg i. Br.: HRB 718359<\/p>\n<p>Umsatzsteuer\u00adID: DE 292061959<br \/>\nSteuernummer: 09042\/02203<\/p>\n<p><strong style=\"font-style: inherit;\">RicoBet e.K.<\/strong><br \/>\nTurmstr. 6<br \/>\n78467 Konstanz<\/p>\n<p>Telefon: +49 7531 \/ 12743 \u2013 0<br \/>\nTelefax: +49 7531 \/ 12743 \u2013 99<br \/>\nE-Mail:\u00a0info@playlifesports.de<\/p>\n<p>Amtsgericht Freiburg i. Br.: HRA 705544<\/p>\n<p>Umsatzsteuer\u00adID: DE 238135410<br \/>\nSteuernummer: 09221\/20847<\/p>\n<p>Bilder und Grafiken:<br \/>\nQuelle des verwendeten Bild- und Grafikmaterials: Adobe Stock Photo<\/p>\n<p>Haftungshinweis:<br \/>\nTrotz sorgf\u00e4ltiger inhaltlicher Kontrolle \u00fcbernehmen wir keine Haftung<br \/>\nf\u00fcr die Inhalte externer Links und Partnerseiten. F\u00fcr den Inhalt der verlinkten<br \/>\nSeiten oder Partnerseiten sind ausschlie\u00dflich deren Betreiber verantwortlich.<\/p>\n<p>Webdesign by Playlife Group<\/p>\n<\/div><\/div><\/div><\/div><\/div><\/p>\n","protected":false},"excerpt":{"rendered":"","protected":false},"author":1,"featured_media":0,"parent":0,"menu_order":0,"comment_status":"closed","ping_status":"closed","template":"100-width.php","meta":{"_acf_changed":false,"footnotes":""},"class_list":["post-2334","page","type-page","status-publish","hentry"],"acf":[],"_links":{"self":[{"href":"https:\/\/www.playlifesports.de\/hr\/wp-json\/wp\/v2\/pages\/2334","targetHints":{"allow":["GET"]}}],"collection":[{"href":"https:\/\/www.playlifesports.de\/hr\/wp-json\/wp\/v2\/pages"}],"about":[{"href":"https:\/\/www.playlifesports.de\/hr\/wp-json\/wp\/v2\/types\/page"}],"author":[{"embeddable":true,"href":"https:\/\/www.playlifesports.de\/hr\/wp-json\/wp\/v2\/users\/1"}],"replies":[{"embeddable":true,"href":"https:\/\/www.playlifesports.de\/hr\/wp-json\/wp\/v2\/comments?post=2334"}],"version-history":[{"count":0,"href":"https:\/\/www.playlifesports.de\/hr\/wp-json\/wp\/v2\/pages\/2334\/revisions"}],"wp:attachment":[{"href":"https:\/\/www.playlifesports.de\/hr\/wp-json\/wp\/v2\/media?parent=2334"}],"curies":[{"name":"wp","href":"https:\/\/api.w.org\/{rel}","templated":true}]}}